{"id":14,"date":"2017-12-03T18:12:41","date_gmt":"2017-12-03T18:12:41","guid":{"rendered":"http:\/\/occhi-freunde-oberschwaben.de\/?page_id=14"},"modified":"2017-12-03T20:08:35","modified_gmt":"2017-12-03T20:08:35","slug":"impressum","status":"publish","type":"page","link":"http:\/\/occhi-freunde-oberschwaben.de\/?page_id=14","title":{"rendered":"Impressum"},"content":{"rendered":"<h2>Angaben gem\u00e4\u00df \u00a7 5 TMG:<\/h2>\n<p>Elisabeth Dobler<br \/>\nFliederweg 5<br \/>\n88441 Mittelbiberach<\/p>\n<h2>Kontakt:<\/h2>\n<p>Tel. 07351\/501819<br \/>\nFax 07351\/501821<\/p>\n<p>E-Mail: <a href=\"mailto:info@stb-dobler.de\">info@stb-dobler.de<\/a><\/p>\n<h2>Urheberrecht<\/h2>\n<p>Die durch die Seitenbetreiber erstellten Inhalte und Werke auf diesen Seiten unterliegen dem deutschen Urheberrecht. Die Vervielf\u00e4ltigung, Bearbeitung, Verbreitung und jede Art der Verwertung au\u00dferhalb der Grenzen des Urheberrechtes bed\u00fcrfen der schriftlichen Zustimmung des jeweiligen Autors bzw. Erstellers. Downloads und Kopien dieser Seite sind nur f\u00fcr den privaten, nicht kommerziellen Gebrauch gestattet.<\/p>\n<p>Soweit die Inhalte auf dieser Seite nicht vom Betreiber erstellt wurden, werden die Urheberrechte Dritter beachtet. Insbesondere werden Inhalte Dritter als solche gekennzeichnet. Sollten Sie trotzdem auf eine Urheberrechtsverletzung aufmerksam werden, bitten wir um einen entsprechenden Hinweis. Bei Bekanntwerden von Rechtsverletzungen werden wir derartige Inhalte umgehend entfernen.<\/p>\n<hr \/>\n<h2>Widerspruch Werbe-Mails<\/h2>\n<p>Der Nutzung von im Rahmen der Impressumspflicht ver\u00f6ffentlichten Kontaktdaten zur \u00dcbersendung von nicht ausdr\u00fccklich angeforderter Werbung und Informationsmaterialien wird hiermit widersprochen. Die Betreiber der Seiten behalten sich ausdr\u00fccklich rechtliche Schritte im Falle der unverlangten Zusendung von Werbeinformationen, etwa durch Spam-E-Mails, vor.<\/p>\n","protected":false},"excerpt":{"rendered":"<p>Angaben gem\u00e4\u00df \u00a7 5 TMG: Elisabeth Dobler Fliederweg 5 88441 Mittelbiberach Kontakt: Tel. 07351\/501819 Fax 07351\/501821 E-Mail: info@stb-dobler.de Urheberrecht Die durch die Seitenbetreiber erstellten Inhalte und Werke auf diesen Seiten unterliegen dem deutschen Urheberrecht. Die Vervielf\u00e4ltigung, Bearbeitung, Verbreitung und jede Art der Verwertung au\u00dferhalb der Grenzen des Urheberrechtes bed\u00fcrfen der schriftlichen Zustimmung des jeweiligen Autors &hellip; <\/p>\n<p class=\"link-more\"><a href=\"http:\/\/occhi-freunde-oberschwaben.de\/?page_id=14\" class=\"more-link\"><span class=\"screen-reader-text\">\u201eImpressum\u201c<\/span> weiterlesen<\/a><\/p>\n","protected":false},"author":1,"featured_media":0,"parent":0,"menu_order":0,"comment_status":"closed","ping_status":"closed","template":"","meta":{"footnotes":""},"class_list":["post-14","page","type-page","status-publish","hentry"],"_links":{"self":[{"href":"http:\/\/occhi-freunde-oberschwaben.de\/index.php?rest_route=\/wp\/v2\/pages\/14","targetHints":{"allow":["GET"]}}],"collection":[{"href":"http:\/\/occhi-freunde-oberschwaben.de\/index.php?rest_route=\/wp\/v2\/pages"}],"about":[{"href":"http:\/\/occhi-freunde-oberschwaben.de\/index.php?rest_route=\/wp\/v2\/types\/page"}],"author":[{"embeddable":true,"href":"http:\/\/occhi-freunde-oberschwaben.de\/index.php?rest_route=\/wp\/v2\/users\/1"}],"replies":[{"embeddable":true,"href":"http:\/\/occhi-freunde-oberschwaben.de\/index.php?rest_route=%2Fwp%2Fv2%2Fcomments&post=14"}],"version-history":[{"count":5,"href":"http:\/\/occhi-freunde-oberschwaben.de\/index.php?rest_route=\/wp\/v2\/pages\/14\/revisions"}],"predecessor-version":[{"id":62,"href":"http:\/\/occhi-freunde-oberschwaben.de\/index.php?rest_route=\/wp\/v2\/pages\/14\/revisions\/62"}],"wp:attachment":[{"href":"http:\/\/occhi-freunde-oberschwaben.de\/index.php?rest_route=%2Fwp%2Fv2%2Fmedia&parent=14"}],"curies":[{"name":"wp","href":"https:\/\/api.w.org\/{rel}","templated":true}]}}