{"id":299,"date":"2024-05-31T08:06:57","date_gmt":"2024-05-31T08:06:57","guid":{"rendered":"https:\/\/occhi-freunde-oberschwaben.de\/?page_id=299"},"modified":"2024-06-10T15:45:23","modified_gmt":"2024-06-10T15:45:23","slug":"occhi-in-verbindung-mit-patchwork","status":"publish","type":"page","link":"http:\/\/occhi-freunde-oberschwaben.de\/?page_id=299","title":{"rendered":"Occhi in Verbindung mit  Patchwork"},"content":{"rendered":"\n<figure class=\"wp-block-gallery has-nested-images columns-default is-cropped wp-block-gallery-1 is-layout-flex wp-block-gallery-is-layout-flex\">\n<figure class=\"wp-block-image size-large\"><img loading=\"lazy\" decoding=\"async\" width=\"768\" height=\"1024\" data-id=\"243\" src=\"https:\/\/occhi-freunde-oberschwaben.de\/wp-content\/uploads\/2023\/11\/20220511_092344-768x1024.jpg\" alt=\"\" class=\"wp-image-243\" srcset=\"http:\/\/occhi-freunde-oberschwaben.de\/wp-content\/uploads\/2023\/11\/20220511_092344-768x1024.jpg 768w, http:\/\/occhi-freunde-oberschwaben.de\/wp-content\/uploads\/2023\/11\/20220511_092344-225x300.jpg 225w, http:\/\/occhi-freunde-oberschwaben.de\/wp-content\/uploads\/2023\/11\/20220511_092344-1152x1536.jpg 1152w, http:\/\/occhi-freunde-oberschwaben.de\/wp-content\/uploads\/2023\/11\/20220511_092344-1536x2048.jpg 1536w, http:\/\/occhi-freunde-oberschwaben.de\/wp-content\/uploads\/2023\/11\/20220511_092344-scaled-400x533.jpg 400w, http:\/\/occhi-freunde-oberschwaben.de\/wp-content\/uploads\/2023\/11\/20220511_092344-scaled-1650x2200.jpg 1650w, http:\/\/occhi-freunde-oberschwaben.de\/wp-content\/uploads\/2023\/11\/20220511_092344-scaled.jpg 1920w\" sizes=\"auto, (max-width: 767px) 89vw, (max-width: 1000px) 54vw, (max-width: 1071px) 543px, 580px\" \/><\/figure>\n\n\n\n<figure class=\"wp-block-image size-large\"><img loading=\"lazy\" decoding=\"async\" width=\"768\" height=\"1024\" data-id=\"190\" src=\"https:\/\/occhi-freunde-oberschwaben.de\/wp-content\/uploads\/2021\/09\/Winterlandschaft-Muster-nach-Tina-Frauberger-768x1024.jpg\" alt=\"\" class=\"wp-image-190\" srcset=\"http:\/\/occhi-freunde-oberschwaben.de\/wp-content\/uploads\/2021\/09\/Winterlandschaft-Muster-nach-Tina-Frauberger-768x1024.jpg 768w, http:\/\/occhi-freunde-oberschwaben.de\/wp-content\/uploads\/2021\/09\/Winterlandschaft-Muster-nach-Tina-Frauberger-225x300.jpg 225w, http:\/\/occhi-freunde-oberschwaben.de\/wp-content\/uploads\/2021\/09\/Winterlandschaft-Muster-nach-Tina-Frauberger-1152x1536.jpg 1152w, http:\/\/occhi-freunde-oberschwaben.de\/wp-content\/uploads\/2021\/09\/Winterlandschaft-Muster-nach-Tina-Frauberger-1536x2048.jpg 1536w, http:\/\/occhi-freunde-oberschwaben.de\/wp-content\/uploads\/2021\/09\/Winterlandschaft-Muster-nach-Tina-Frauberger-scaled-400x533.jpg 400w, http:\/\/occhi-freunde-oberschwaben.de\/wp-content\/uploads\/2021\/09\/Winterlandschaft-Muster-nach-Tina-Frauberger-scaled-1650x2200.jpg 1650w, http:\/\/occhi-freunde-oberschwaben.de\/wp-content\/uploads\/2021\/09\/Winterlandschaft-Muster-nach-Tina-Frauberger-scaled.jpg 1920w\" sizes=\"auto, (max-width: 767px) 89vw, (max-width: 1000px) 54vw, (max-width: 1071px) 543px, 580px\" \/><figcaption class=\"wp-element-caption\">Winterlandschaft mit Muster nach Tina Frauberger und Rebecca Jones<\/figcaption><\/figure>\n\n\n\n<figure class=\"wp-block-image size-large\"><img loading=\"lazy\" decoding=\"async\" width=\"1024\" height=\"768\" data-id=\"191\" src=\"https:\/\/occhi-freunde-oberschwaben.de\/wp-content\/uploads\/2021\/09\/Winterlandschaft-vergr\u00f6\u00dfert-Kl\u00f6ppelspitze-und-Occhispitze-nach-Rebecca-Jones-1024x768.jpg\" alt=\"\" class=\"wp-image-191\" srcset=\"http:\/\/occhi-freunde-oberschwaben.de\/wp-content\/uploads\/2021\/09\/Winterlandschaft-vergr\u00f6\u00dfert-Kl\u00f6ppelspitze-und-Occhispitze-nach-Rebecca-Jones-1024x768.jpg 1024w, http:\/\/occhi-freunde-oberschwaben.de\/wp-content\/uploads\/2021\/09\/Winterlandschaft-vergr\u00f6\u00dfert-Kl\u00f6ppelspitze-und-Occhispitze-nach-Rebecca-Jones-300x225.jpg 300w, http:\/\/occhi-freunde-oberschwaben.de\/wp-content\/uploads\/2021\/09\/Winterlandschaft-vergr\u00f6\u00dfert-Kl\u00f6ppelspitze-und-Occhispitze-nach-Rebecca-Jones-768x576.jpg 768w, http:\/\/occhi-freunde-oberschwaben.de\/wp-content\/uploads\/2021\/09\/Winterlandschaft-vergr\u00f6\u00dfert-Kl\u00f6ppelspitze-und-Occhispitze-nach-Rebecca-Jones-1536x1152.jpg 1536w, http:\/\/occhi-freunde-oberschwaben.de\/wp-content\/uploads\/2021\/09\/Winterlandschaft-vergr\u00f6\u00dfert-Kl\u00f6ppelspitze-und-Occhispitze-nach-Rebecca-Jones-2048x1536.jpg 2048w\" sizes=\"auto, (max-width: 767px) 89vw, (max-width: 1000px) 54vw, (max-width: 1071px) 543px, 580px\" \/><figcaption class=\"wp-element-caption\">Winterlandschaft mit Kl\u00f6ppelspitze und Occhispitze nach Rebecca Jones<\/figcaption><\/figure>\n\n\n\n<figure class=\"wp-block-image size-large\"><img loading=\"lazy\" decoding=\"async\" width=\"1024\" height=\"768\" data-id=\"193\" src=\"https:\/\/occhi-freunde-oberschwaben.de\/wp-content\/uploads\/2021\/09\/Tasche-blau-1024x768.jpg\" alt=\"\" class=\"wp-image-193\" srcset=\"http:\/\/occhi-freunde-oberschwaben.de\/wp-content\/uploads\/2021\/09\/Tasche-blau-1024x768.jpg 1024w, http:\/\/occhi-freunde-oberschwaben.de\/wp-content\/uploads\/2021\/09\/Tasche-blau-300x225.jpg 300w, http:\/\/occhi-freunde-oberschwaben.de\/wp-content\/uploads\/2021\/09\/Tasche-blau-768x576.jpg 768w, http:\/\/occhi-freunde-oberschwaben.de\/wp-content\/uploads\/2021\/09\/Tasche-blau-1536x1152.jpg 1536w, http:\/\/occhi-freunde-oberschwaben.de\/wp-content\/uploads\/2021\/09\/Tasche-blau-2048x1536.jpg 2048w\" sizes=\"auto, (max-width: 767px) 89vw, (max-width: 1000px) 54vw, (max-width: 1071px) 543px, 580px\" \/><\/figure>\n\n\n\n<figure class=\"wp-block-image size-large\"><img loading=\"lazy\" decoding=\"async\" width=\"1024\" height=\"768\" data-id=\"194\" src=\"https:\/\/occhi-freunde-oberschwaben.de\/wp-content\/uploads\/2021\/09\/Tasche-rot-1024x768.jpg\" alt=\"\" class=\"wp-image-194\" srcset=\"http:\/\/occhi-freunde-oberschwaben.de\/wp-content\/uploads\/2021\/09\/Tasche-rot-1024x768.jpg 1024w, http:\/\/occhi-freunde-oberschwaben.de\/wp-content\/uploads\/2021\/09\/Tasche-rot-300x225.jpg 300w, http:\/\/occhi-freunde-oberschwaben.de\/wp-content\/uploads\/2021\/09\/Tasche-rot-768x576.jpg 768w, http:\/\/occhi-freunde-oberschwaben.de\/wp-content\/uploads\/2021\/09\/Tasche-rot-1536x1152.jpg 1536w, http:\/\/occhi-freunde-oberschwaben.de\/wp-content\/uploads\/2021\/09\/Tasche-rot-2048x1536.jpg 2048w\" sizes=\"auto, (max-width: 767px) 89vw, (max-width: 1000px) 54vw, (max-width: 1071px) 543px, 580px\" \/><figcaption class=\"wp-element-caption\">Tasche rot<\/figcaption><\/figure>\n<\/figure>\n\n\n\n<figure class=\"wp-block-gallery has-nested-images columns-default is-cropped wp-block-gallery-2 is-layout-flex wp-block-gallery-is-layout-flex\">\n<figure class=\"wp-block-image size-large\"><img loading=\"lazy\" decoding=\"async\" width=\"1024\" height=\"640\" data-id=\"404\" src=\"https:\/\/occhi-freunde-oberschwaben.de\/wp-content\/uploads\/2024\/06\/20240112_174102-1024x640.jpg\" alt=\"\" class=\"wp-image-404\" srcset=\"http:\/\/occhi-freunde-oberschwaben.de\/wp-content\/uploads\/2024\/06\/20240112_174102-1024x640.jpg 1024w, http:\/\/occhi-freunde-oberschwaben.de\/wp-content\/uploads\/2024\/06\/20240112_174102-300x188.jpg 300w, http:\/\/occhi-freunde-oberschwaben.de\/wp-content\/uploads\/2024\/06\/20240112_174102-768x480.jpg 768w, http:\/\/occhi-freunde-oberschwaben.de\/wp-content\/uploads\/2024\/06\/20240112_174102-1536x960.jpg 1536w, http:\/\/occhi-freunde-oberschwaben.de\/wp-content\/uploads\/2024\/06\/20240112_174102-2048x1280.jpg 2048w\" sizes=\"auto, (max-width: 767px) 89vw, (max-width: 1000px) 54vw, (max-width: 1071px) 543px, 580px\" \/><figcaption class=\"wp-element-caption\">Quilt von Gertrud Steigerwald (89 Jahre)<\/figcaption><\/figure>\n\n\n\n<figure class=\"wp-block-image size-large\"><img loading=\"lazy\" decoding=\"async\" width=\"1024\" height=\"640\" data-id=\"405\" src=\"https:\/\/occhi-freunde-oberschwaben.de\/wp-content\/uploads\/2024\/06\/20240112_174149-1024x640.jpg\" alt=\"\" class=\"wp-image-405\" srcset=\"http:\/\/occhi-freunde-oberschwaben.de\/wp-content\/uploads\/2024\/06\/20240112_174149-1024x640.jpg 1024w, http:\/\/occhi-freunde-oberschwaben.de\/wp-content\/uploads\/2024\/06\/20240112_174149-300x188.jpg 300w, http:\/\/occhi-freunde-oberschwaben.de\/wp-content\/uploads\/2024\/06\/20240112_174149-768x480.jpg 768w, http:\/\/occhi-freunde-oberschwaben.de\/wp-content\/uploads\/2024\/06\/20240112_174149-1536x960.jpg 1536w, http:\/\/occhi-freunde-oberschwaben.de\/wp-content\/uploads\/2024\/06\/20240112_174149-2048x1280.jpg 2048w\" sizes=\"auto, (max-width: 767px) 89vw, (max-width: 1000px) 54vw, (max-width: 1071px) 543px, 580px\" \/><figcaption class=\"wp-element-caption\">Quilt von Gertrud Steigerwald<\/figcaption><\/figure>\n\n\n\n<figure class=\"wp-block-image size-large\"><img loading=\"lazy\" decoding=\"async\" width=\"1024\" height=\"640\" data-id=\"407\" src=\"https:\/\/occhi-freunde-oberschwaben.de\/wp-content\/uploads\/2024\/06\/20240112_174703-1024x640.jpg\" alt=\"\" class=\"wp-image-407\" srcset=\"http:\/\/occhi-freunde-oberschwaben.de\/wp-content\/uploads\/2024\/06\/20240112_174703-1024x640.jpg 1024w, http:\/\/occhi-freunde-oberschwaben.de\/wp-content\/uploads\/2024\/06\/20240112_174703-300x188.jpg 300w, http:\/\/occhi-freunde-oberschwaben.de\/wp-content\/uploads\/2024\/06\/20240112_174703-768x480.jpg 768w, http:\/\/occhi-freunde-oberschwaben.de\/wp-content\/uploads\/2024\/06\/20240112_174703-1536x960.jpg 1536w, http:\/\/occhi-freunde-oberschwaben.de\/wp-content\/uploads\/2024\/06\/20240112_174703-2048x1280.jpg 2048w\" sizes=\"auto, (max-width: 767px) 89vw, (max-width: 1000px) 54vw, (max-width: 1071px) 543px, 580px\" \/><figcaption class=\"wp-element-caption\">Quilt von Gertrud Steigerwald<\/figcaption><\/figure>\n\n\n\n<figure class=\"wp-block-image size-large\"><img loading=\"lazy\" decoding=\"async\" width=\"1024\" height=\"640\" data-id=\"406\" src=\"https:\/\/occhi-freunde-oberschwaben.de\/wp-content\/uploads\/2024\/06\/20240112_174721-1024x640.jpg\" alt=\"\" class=\"wp-image-406\" srcset=\"http:\/\/occhi-freunde-oberschwaben.de\/wp-content\/uploads\/2024\/06\/20240112_174721-1024x640.jpg 1024w, http:\/\/occhi-freunde-oberschwaben.de\/wp-content\/uploads\/2024\/06\/20240112_174721-300x188.jpg 300w, http:\/\/occhi-freunde-oberschwaben.de\/wp-content\/uploads\/2024\/06\/20240112_174721-768x480.jpg 768w, http:\/\/occhi-freunde-oberschwaben.de\/wp-content\/uploads\/2024\/06\/20240112_174721-1536x960.jpg 1536w, http:\/\/occhi-freunde-oberschwaben.de\/wp-content\/uploads\/2024\/06\/20240112_174721-2048x1280.jpg 2048w\" sizes=\"auto, (max-width: 767px) 89vw, (max-width: 1000px) 54vw, (max-width: 1071px) 543px, 580px\" \/><figcaption class=\"wp-element-caption\">Quilt von Gertrud Steigerwald<\/figcaption><\/figure>\n\n\n\n<figure class=\"wp-block-image size-large\"><img loading=\"lazy\" decoding=\"async\" width=\"768\" height=\"1024\" data-id=\"403\" src=\"https:\/\/occhi-freunde-oberschwaben.de\/wp-content\/uploads\/2024\/06\/IMG-20240114-WA0013-768x1024.jpg\" alt=\"\" class=\"wp-image-403\" srcset=\"http:\/\/occhi-freunde-oberschwaben.de\/wp-content\/uploads\/2024\/06\/IMG-20240114-WA0013-768x1024.jpg 768w, http:\/\/occhi-freunde-oberschwaben.de\/wp-content\/uploads\/2024\/06\/IMG-20240114-WA0013-225x300.jpg 225w, http:\/\/occhi-freunde-oberschwaben.de\/wp-content\/uploads\/2024\/06\/IMG-20240114-WA0013-1152x1536.jpg 1152w, http:\/\/occhi-freunde-oberschwaben.de\/wp-content\/uploads\/2024\/06\/IMG-20240114-WA0013.jpg 1200w\" sizes=\"auto, (max-width: 767px) 89vw, (max-width: 1000px) 54vw, (max-width: 1071px) 543px, 580px\" \/><figcaption class=\"wp-element-caption\">Quilt von Gertrud Steigerwald<\/figcaption><\/figure>\n<\/figure>\n","protected":false},"excerpt":{"rendered":"","protected":false},"author":1,"featured_media":0,"parent":0,"menu_order":0,"comment_status":"closed","ping_status":"closed","template":"","meta":{"footnotes":""},"class_list":["post-299","page","type-page","status-publish","hentry"],"_links":{"self":[{"href":"http:\/\/occhi-freunde-oberschwaben.de\/index.php?rest_route=\/wp\/v2\/pages\/299","targetHints":{"allow":["GET"]}}],"collection":[{"href":"http:\/\/occhi-freunde-oberschwaben.de\/index.php?rest_route=\/wp\/v2\/pages"}],"about":[{"href":"http:\/\/occhi-freunde-oberschwaben.de\/index.php?rest_route=\/wp\/v2\/types\/page"}],"author":[{"embeddable":true,"href":"http:\/\/occhi-freunde-oberschwaben.de\/index.php?rest_route=\/wp\/v2\/users\/1"}],"replies":[{"embeddable":true,"href":"http:\/\/occhi-freunde-oberschwaben.de\/index.php?rest_route=%2Fwp%2Fv2%2Fcomments&post=299"}],"version-history":[{"count":3,"href":"http:\/\/occhi-freunde-oberschwaben.de\/index.php?rest_route=\/wp\/v2\/pages\/299\/revisions"}],"predecessor-version":[{"id":409,"href":"http:\/\/occhi-freunde-oberschwaben.de\/index.php?rest_route=\/wp\/v2\/pages\/299\/revisions\/409"}],"wp:attachment":[{"href":"http:\/\/occhi-freunde-oberschwaben.de\/index.php?rest_route=%2Fwp%2Fv2%2Fmedia&parent=299"}],"curies":[{"name":"wp","href":"https:\/\/api.w.org\/{rel}","templated":true}]}}