{"id":9,"date":"2017-12-03T18:12:41","date_gmt":"2017-12-03T18:12:41","guid":{"rendered":"http:\/\/occhi-freunde-oberschwaben.de\/?page_id=9"},"modified":"2024-06-23T05:40:15","modified_gmt":"2024-06-23T05:40:15","slug":"geschichte","status":"publish","type":"page","link":"http:\/\/occhi-freunde-oberschwaben.de\/?page_id=9","title":{"rendered":"Geschichte"},"content":{"rendered":"<p><strong>Occhi<\/strong><\/p>\n<p>ist eine alte Kn\u00fcpftechnik, die vermutlich aus dem Orient zu uns nach Europa gekommen ist. Bereits 1704 erschien ein Gedicht, das die flei\u00dfigen H\u00e4nde von der K\u00f6nigin Mary von England (1622 \u2013 1695) beschrieb, als sie sich mit Knoten besch\u00e4ftigte. In der damaligen Zeit wurde Occhi vorwiegend von den Damen des Hochadels ausge\u00fcbt, die sich auch gerne mit ihren Schiffchen portr\u00e4tieren lie\u00dfen. Um 1850 erhielt die Occhi-Spitze ihren eigentlich Aufschwung, weil dann die Technik mit den B\u00f6gen erfunden wurde und dadurch der Fantasie keine Grenzen mehr gesetzt waren.<\/p>\n<p>Diese alte Kn\u00fcpftechnik ist in verschiedenen L\u00e4ndern unter folgenden Namen bekannt:<\/p>\n<p>Deutschland:\u00a0 \u00a0 \u00a0 \u00a0 \u00a0 \u00a0 \u00a0 Occhi (italienisch: Augen)<br \/>England:\u00a0 \u00a0 \u00a0 \u00a0 \u00a0 \u00a0 \u00a0 \u00a0 \u00a0 \u00a0 \u00a0 Tatting<br \/>Frankreich:\u00a0 \u00a0 \u00a0 \u00a0 \u00a0 \u00a0 \u00a0 \u00a0 \u00a0 Frivolit\u00e9<br \/>D\u00e4nemark:\u00a0\u00a0\u00a0\u00a0\u00a0\u00a0\u00a0\u00a0\u00a0\u00a0\u00a0\u00a0\u00a0\u00a0\u00a0\u00a0\u00a0 Orkis<br \/>Italien:\u00a0 \u00a0 \u00a0 \u00a0 \u00a0 \u00a0 \u00a0 \u00a0 \u00a0 \u00a0 \u00a0 \u00a0 \u00a0 il lavoro chiacchierino<br \/>Orient:\u00a0 \u00a0 \u00a0 \u00a0 \u00a0 \u00a0 \u00a0 \u00a0 \u00a0 \u00a0 \u00a0 \u00a0 \u00a0 Makuk<\/p>\n\n\n<p><\/p>\n","protected":false},"excerpt":{"rendered":"<p>Occhi ist eine alte Kn\u00fcpftechnik, die vermutlich aus dem Orient zu uns nach Europa gekommen ist. Bereits 1704 erschien ein Gedicht, das die flei\u00dfigen H\u00e4nde von der K\u00f6nigin Mary von England (1622 \u2013 1695) beschrieb, als sie sich mit Knoten besch\u00e4ftigte. In der damaligen Zeit wurde Occhi vorwiegend von den Damen des Hochadels ausge\u00fcbt, die &hellip; <\/p>\n<p class=\"link-more\"><a href=\"http:\/\/occhi-freunde-oberschwaben.de\/?page_id=9\" class=\"more-link\"><span class=\"screen-reader-text\">\u201eGeschichte\u201c<\/span> weiterlesen<\/a><\/p>\n","protected":false},"author":1,"featured_media":0,"parent":0,"menu_order":0,"comment_status":"closed","ping_status":"closed","template":"","meta":{"footnotes":""},"class_list":["post-9","page","type-page","status-publish","hentry"],"_links":{"self":[{"href":"http:\/\/occhi-freunde-oberschwaben.de\/index.php?rest_route=\/wp\/v2\/pages\/9","targetHints":{"allow":["GET"]}}],"collection":[{"href":"http:\/\/occhi-freunde-oberschwaben.de\/index.php?rest_route=\/wp\/v2\/pages"}],"about":[{"href":"http:\/\/occhi-freunde-oberschwaben.de\/index.php?rest_route=\/wp\/v2\/types\/page"}],"author":[{"embeddable":true,"href":"http:\/\/occhi-freunde-oberschwaben.de\/index.php?rest_route=\/wp\/v2\/users\/1"}],"replies":[{"embeddable":true,"href":"http:\/\/occhi-freunde-oberschwaben.de\/index.php?rest_route=%2Fwp%2Fv2%2Fcomments&post=9"}],"version-history":[{"count":10,"href":"http:\/\/occhi-freunde-oberschwaben.de\/index.php?rest_route=\/wp\/v2\/pages\/9\/revisions"}],"predecessor-version":[{"id":421,"href":"http:\/\/occhi-freunde-oberschwaben.de\/index.php?rest_route=\/wp\/v2\/pages\/9\/revisions\/421"}],"wp:attachment":[{"href":"http:\/\/occhi-freunde-oberschwaben.de\/index.php?rest_route=%2Fwp%2Fv2%2Fmedia&parent=9"}],"curies":[{"name":"wp","href":"https:\/\/api.w.org\/{rel}","templated":true}]}}