{"id":11,"date":"2017-12-03T18:12:41","date_gmt":"2017-12-03T18:12:41","guid":{"rendered":"http:\/\/occhi-freunde-oberschwaben.de\/?page_id=11"},"modified":"2024-05-27T07:50:50","modified_gmt":"2024-05-27T07:50:50","slug":"occhi-produkte","status":"publish","type":"page","link":"https:\/\/occhi-freunde-oberschwaben.de\/?page_id=11","title":{"rendered":"Occhi-Produkte"},"content":{"rendered":"<p><img loading=\"lazy\" decoding=\"async\" class=\"alignnone size-medium wp-image-50\" src=\"http:\/\/occhi-freunde-oberschwaben.de\/wp-content\/uploads\/2017\/12\/occhi_rosenkette-230x300.jpg\" alt=\"\" width=\"230\" height=\"300\" srcset=\"https:\/\/occhi-freunde-oberschwaben.de\/wp-content\/uploads\/2017\/12\/occhi_rosenkette-230x300.jpg 230w, https:\/\/occhi-freunde-oberschwaben.de\/wp-content\/uploads\/2017\/12\/occhi_rosenkette.jpg 425w\" sizes=\"auto, (max-width: 230px) 100vw, 230px\" \/><\/p>\n<p><strong>Occhi Rosenketten f\u00fcr Fortgeschrittene<\/strong><br \/>\nTatted Necklace with Roses for Advanced Tatters<\/p>\n<p>Dieses Anleitungsbuch ist f\u00fcr das besondere an Schmuck, wie Rosenketten, Ohrringe, Ansteckrosen,\u00a0Ringe und viele verschiedene Kleinteile.<\/p>\n<p>Dieses Anleitungsbuch ist mit vielen Zeichnungen und ausf\u00fchrlichen\u00a0Beschreibungen in zwei Sprachen versehen<br \/>\nin Deutsch und Englisch.<\/p>\n<p>Buch: \u00a020 Seiten<br \/>\nMa\u00dfe: DIN A4<br \/>\nAutor: Elisabeth Dobler<\/p>\n<p>Preis: 15 Euro + Versandkosten<\/p>\n<hr \/>\n<p><img loading=\"lazy\" decoding=\"async\" class=\"alignnone size-medium wp-image-52\" src=\"http:\/\/occhi-freunde-oberschwaben.de\/wp-content\/uploads\/2017\/12\/buch_occhi_gesichter-228x300.jpg\" alt=\"\" width=\"228\" height=\"300\" srcset=\"https:\/\/occhi-freunde-oberschwaben.de\/wp-content\/uploads\/2017\/12\/buch_occhi_gesichter-228x300.jpg 228w, https:\/\/occhi-freunde-oberschwaben.de\/wp-content\/uploads\/2017\/12\/buch_occhi_gesichter.jpg 421w\" sizes=\"auto, (max-width: 228px) 100vw, 228px\" \/><\/p>\n<p><strong>Gesichter aus Occhi &#8211; von Elisabeth Dobler f\u00fcr Fortgeschrittene<\/strong><br \/>\nTatted Faces for Advanced Tatters<\/p>\n<p>Wir wissen, dass die Kreativit\u00e4t mit Occhi fast keine Grenzen gesetzt sind, denn Occhi hat viele Gesichter.<\/p>\n<p>Wie w\u00e4re es also mit einem Gesicht aus Occhi, untermalt mit einem entsprechenden Spruch zum Schmunzeln oder zum<br \/>\nNachdenken? Ein paar Vorschl\u00e4ge zu passenden Spr\u00fcchen dazu finden Sie auf Seite 29.<\/p>\n<p>Selbstverst\u00e4ndlich k\u00f6nnen Sie die Gesichter auch als Bild einrahmen.<br \/>\nSie finden in in dieser Ausgabe ein sch\u00f6nes Sortiment an Gesichtern. Au\u00dferdem werden in dem Buch verschiedene Techniken (mit Zeichnungen) erkl\u00e4rt, wie man mit Occhi auch Ecken in die B\u00f6gen arbeiten kann.<\/p>\n<p>Dieses Anleitungsbuch ist mit vielen Zeichnungen und ausf\u00fchrlichen\u00a0Beschreibungen in zwei Sprachen versehen<br \/>\nin Deutsch und Englisch.<\/p>\n<p>Buch: \u00a029 Seiten<br \/>\nMa\u00dfe: DIN A4<br \/>\nAutor: Elisabeth Dobler<\/p>\n<p>Preis: 15 Euro + Versandkosten<\/p>\n<hr \/>\n<p>Bei Fragen:<\/p>\n<p>Tel. 07351\/501819<br \/>\nFax 07351\/501821<\/p>\n<p>E-Mail: <a href=\"mailto:info@stb-dobler.de\">info@stb-dobler.de<\/a><\/p>\n","protected":false},"excerpt":{"rendered":"<p>Occhi Rosenketten f\u00fcr Fortgeschrittene Tatted Necklace with Roses for Advanced Tatters Dieses Anleitungsbuch ist f\u00fcr das besondere an Schmuck, wie Rosenketten, Ohrringe, Ansteckrosen,\u00a0Ringe und viele verschiedene Kleinteile. Dieses Anleitungsbuch ist mit vielen Zeichnungen und ausf\u00fchrlichen\u00a0Beschreibungen in zwei Sprachen versehen in Deutsch und Englisch. Buch: \u00a020 Seiten Ma\u00dfe: DIN A4 Autor: Elisabeth Dobler Preis: 15 Euro &hellip; <\/p>\n<p class=\"link-more\"><a href=\"https:\/\/occhi-freunde-oberschwaben.de\/?page_id=11\" class=\"more-link\"><span class=\"screen-reader-text\">\u201eOcchi-Produkte\u201c<\/span> weiterlesen<\/a><\/p>\n","protected":false},"author":1,"featured_media":0,"parent":0,"menu_order":0,"comment_status":"closed","ping_status":"closed","template":"","meta":{"footnotes":""},"class_list":["post-11","page","type-page","status-publish","hentry"],"_links":{"self":[{"href":"https:\/\/occhi-freunde-oberschwaben.de\/index.php?rest_route=\/wp\/v2\/pages\/11","targetHints":{"allow":["GET"]}}],"collection":[{"href":"https:\/\/occhi-freunde-oberschwaben.de\/index.php?rest_route=\/wp\/v2\/pages"}],"about":[{"href":"https:\/\/occhi-freunde-oberschwaben.de\/index.php?rest_route=\/wp\/v2\/types\/page"}],"author":[{"embeddable":true,"href":"https:\/\/occhi-freunde-oberschwaben.de\/index.php?rest_route=\/wp\/v2\/users\/1"}],"replies":[{"embeddable":true,"href":"https:\/\/occhi-freunde-oberschwaben.de\/index.php?rest_route=%2Fwp%2Fv2%2Fcomments&post=11"}],"version-history":[{"count":7,"href":"https:\/\/occhi-freunde-oberschwaben.de\/index.php?rest_route=\/wp\/v2\/pages\/11\/revisions"}],"predecessor-version":[{"id":263,"href":"https:\/\/occhi-freunde-oberschwaben.de\/index.php?rest_route=\/wp\/v2\/pages\/11\/revisions\/263"}],"wp:attachment":[{"href":"https:\/\/occhi-freunde-oberschwaben.de\/index.php?rest_route=%2Fwp%2Fv2%2Fmedia&parent=11"}],"curies":[{"name":"wp","href":"https:\/\/api.w.org\/{rel}","templated":true}]}}